{"id":7772,"date":"2022-03-31T14:00:32","date_gmt":"2022-03-31T12:00:32","guid":{"rendered":"http:\/\/apostolowiemilosci.pl\/?page_id=7772"},"modified":"2024-09-11T09:37:26","modified_gmt":"2024-09-11T07:37:26","slug":"sprawozdania-finansowe-fundacji","status":"publish","type":"page","link":"http:\/\/apostolowiemilosci.pl\/?page_id=7772","title":{"rendered":"Sprawozdania finansowe Fundacji"},"content":{"rendered":"\n<h4 class=\"wp-block-heading\">Fundacja Dzie\u0142o Ewangelizacji Ubogich i Strapionych zosta\u0142a powo\u0142ana aktem notarialnym dnia 10 czerwca 2019 w Uroczysto\u015b\u0107 Naj\u015bwi\u0119tszej Maryi Panny Matki Ko\u015bcio\u0142a. Dnia 4 pa\u017adziernika 2019 Fundacja postanowieniem S\u0105du Rejonowego zosta\u0142a wpisana do Krajowego Rejestru S\u0105dowego \/ KRS0000806420 \/ w dniu \u015bw. Franciszka z Asy\u017cu ku naszej rado\u015bci, <\/h4>\n\n\n\n<h4 class=\"wp-block-heading\">Fundacja nie&nbsp; zatrudnia pracownik\u00f3w, ani nie ponosi\u0142a \u017cadnych koszt\u00f3w zwi\u0105zanych z wynagrodzeniem czy sta\u0142ymi us\u0142uga biurowymi, ksi\u0119gowymi. Fundacja realizuje swoje cele statutowe ca\u0142kowicie w poparciu o wolontariat. Wszystkie wp\u0142acone \u015brodki s\u0142u\u017c\u0105 na cele statutowe, a g\u0142\u00f3wnym z nim jest zgodnie ze Statutem. Wszystkie wp\u0142acane \u015brodki finansowe przeznaczane s\u0105 zgodnie ze Statutem Fundacji. Najcz\u0119\u015bciej s\u0105 to \u015brodki pieni\u0119\u017cne przeznaczone s\u0105 na na zakup Pisma \u015awi\u0119te, do\u0142adowanie telefon\u00f3w dla naszych podopiecznych, \u015brodki komunikacji- paliwo, bilety PKP, wy\u017cywienie bezdomnych, odwiedziny strapionych, dojazd na rekolekcje, odwiedziny na terapiach os\u00f3b uzale\u017cnionych, spotkania ewangelizacyjne.<\/h4>\n\n\n\n<h2 class=\"wp-block-heading\">Statut Fundacji Dzie\u0142o Ewangelizacji Ubogich i Strapionych &#8211; <a href=\"http:\/\/apostolowiemilosci.pl\/?page_id=5042\" target=\"_blank\" rel=\"noreferrer noopener\">link<\/a><\/h2>\n\n\n\n<blockquote class=\"wp-block-quote is-layout-flow wp-block-quote-is-layout-flow\">\n<p><strong>&amp; 6 pkt.<\/strong> <strong>1. Celem Fundacji jest g\u0142oszenie Boga \u017bywego wszystkim tym, kt\u00f3rzy Go nie poznali lub oddalili si\u0119 od Niego zgodnie z preambu\u0142\u0105 Statutu poprzez ewangelizacj\u0119 i dobroczynno\u015b\u0107 na rzecz os\u00f3b ubogich i strapionych, bezdomnych, uzale\u017cnionych, zagro\u017conych, opuszczonych, zagubionych, chorych, wi\u0119\u017ani\u00f3w w oparciu o nauk\u0119 Ko\u015bcio\u0142a Katolickiego w Polsce i za granic\u0105.<\/strong><\/p>\n<\/blockquote>\n\n\n\n<h4 class=\"wp-block-heading\">Wdzi\u0119czni b\u0119dziemy za wszelkie wsparcie z Waszej strony, aby ewangelizowa\u0107 czyli prowadzi\u0107 do BOGA i pomaga\u0107 materialnie osobom do kt\u00f3rych B\u00f3g nas posy\u0142a. <\/h4>\n\n\n\n<h2 class=\"wp-block-heading has-text-align-center\">Fundacja Dzie\u0142o Ewangelizacji Ubogich i Strapionych<\/h2>\n\n\n\n<h3 class=\"wp-block-heading has-text-align-center\">Konto Bankowe 03 1140 2004 0000 3602 7927 0193<\/h3>\n\n\n\n<h4 class=\"wp-block-heading has-text-align-center\">NIP 9562355167 \/ &nbsp;Regon 384542686 \/ KRS 0000806420<\/h4>\n\n\n\n<h3 class=\"wp-block-heading has-text-align-center\">e-mail apostolowiemilosci@gmail.com<\/h3>\n\n\n\n<h2 class=\"wp-block-heading has-text-align-center\">Sprawozdanie finansowe za rok 2022<\/h2>\n\n\n\n<h3 class=\"wp-block-heading has-text-align-center\">IV rok dzia\u0142alno\u015bci od 01.01.2022 do 31.12.2022<\/h3>\n\n\n\n<figure class=\"wp-block-gallery has-nested-images columns-default is-cropped wp-block-gallery-1 is-layout-flex wp-block-gallery-is-layout-flex\">\n<figure class=\"wp-block-image size-large\"><img fetchpriority=\"high\" decoding=\"async\" width=\"604\" height=\"589\" data-id=\"11005\" src=\"http:\/\/apostolowiemilosci.pl\/wp-content\/uploads\/2023\/03\/Rachunek2022.jpg\" alt=\"\" class=\"wp-image-11005\" srcset=\"http:\/\/apostolowiemilosci.pl\/wp-content\/uploads\/2023\/03\/Rachunek2022.jpg 604w, http:\/\/apostolowiemilosci.pl\/wp-content\/uploads\/2023\/03\/Rachunek2022-300x293.jpg 300w\" sizes=\"(max-width: 604px) 100vw, 604px\" \/><\/figure>\n\n\n\n<figure class=\"wp-block-image size-large\"><img decoding=\"async\" width=\"454\" height=\"542\" data-id=\"11006\" src=\"http:\/\/apostolowiemilosci.pl\/wp-content\/uploads\/2023\/03\/Bilans2022.jpg\" alt=\"\" class=\"wp-image-11006\" srcset=\"http:\/\/apostolowiemilosci.pl\/wp-content\/uploads\/2023\/03\/Bilans2022.jpg 454w, http:\/\/apostolowiemilosci.pl\/wp-content\/uploads\/2023\/03\/Bilans2022-251x300.jpg 251w\" sizes=\"(max-width: 454px) 100vw, 454px\" \/><\/figure>\n<\/figure>\n\n\n\n<h2 class=\"wp-block-heading has-text-align-center\">Sprawdzanie finansowe za rok 2021<\/h2>\n\n\n\n<h3 class=\"wp-block-heading has-text-align-center\">III rok dzia\u0142alno\u015bci od 01.01.2021 do 31.12.2021<\/h3>\n\n\n\n<figure class=\"wp-block-gallery has-nested-images columns-default is-cropped wp-block-gallery-2 is-layout-flex wp-block-gallery-is-layout-flex\">\n<figure class=\"wp-block-image size-large\"><img decoding=\"async\" width=\"726\" height=\"1024\" data-id=\"7784\" src=\"http:\/\/apostolowiemilosci.pl\/wp-content\/uploads\/2022\/03\/Rachunek-DEUS-2021-726x1024.jpg\" alt=\"\" class=\"wp-image-7784\" srcset=\"http:\/\/apostolowiemilosci.pl\/wp-content\/uploads\/2022\/03\/Rachunek-DEUS-2021-726x1024.jpg 726w, http:\/\/apostolowiemilosci.pl\/wp-content\/uploads\/2022\/03\/Rachunek-DEUS-2021-600x846.jpg 600w, http:\/\/apostolowiemilosci.pl\/wp-content\/uploads\/2022\/03\/Rachunek-DEUS-2021-213x300.jpg 213w, http:\/\/apostolowiemilosci.pl\/wp-content\/uploads\/2022\/03\/Rachunek-DEUS-2021-768x1083.jpg 768w, http:\/\/apostolowiemilosci.pl\/wp-content\/uploads\/2022\/03\/Rachunek-DEUS-2021-766x1080.jpg 766w, http:\/\/apostolowiemilosci.pl\/wp-content\/uploads\/2022\/03\/Rachunek-DEUS-2021.jpg 800w\" sizes=\"(max-width: 726px) 100vw, 726px\" \/><\/figure>\n\n\n\n<figure class=\"wp-block-image size-large\"><img loading=\"lazy\" decoding=\"async\" width=\"724\" height=\"1024\" data-id=\"7785\" src=\"http:\/\/apostolowiemilosci.pl\/wp-content\/uploads\/2022\/03\/Bilans-DEUS-2021-724x1024.jpg\" alt=\"\" class=\"wp-image-7785\" srcset=\"http:\/\/apostolowiemilosci.pl\/wp-content\/uploads\/2022\/03\/Bilans-DEUS-2021-724x1024.jpg 724w, http:\/\/apostolowiemilosci.pl\/wp-content\/uploads\/2022\/03\/Bilans-DEUS-2021-600x849.jpg 600w, http:\/\/apostolowiemilosci.pl\/wp-content\/uploads\/2022\/03\/Bilans-DEUS-2021-212x300.jpg 212w, http:\/\/apostolowiemilosci.pl\/wp-content\/uploads\/2022\/03\/Bilans-DEUS-2021-768x1087.jpg 768w, http:\/\/apostolowiemilosci.pl\/wp-content\/uploads\/2022\/03\/Bilans-DEUS-2021-763x1080.jpg 763w, http:\/\/apostolowiemilosci.pl\/wp-content\/uploads\/2022\/03\/Bilans-DEUS-2021.jpg 800w\" sizes=\"(max-width: 724px) 100vw, 724px\" \/><\/figure>\n<\/figure>\n\n\n\n<h2 class=\"wp-block-heading has-text-align-center\">Sprawozdanie finansowe za rok 2020<\/h2>\n\n\n\n<h3 class=\"wp-block-heading has-text-align-center\">II rok dzia\u0142alno\u015bci od 01.01.2020 do 31.12.2020<\/h3>\n\n\n\n<figure class=\"wp-block-gallery has-nested-images columns-default is-cropped wp-block-gallery-3 is-layout-flex wp-block-gallery-is-layout-flex\">\n<figure class=\"wp-block-image size-large\"><img loading=\"lazy\" decoding=\"async\" width=\"724\" height=\"1024\" data-id=\"7782\" src=\"http:\/\/apostolowiemilosci.pl\/wp-content\/uploads\/2022\/03\/Rachunek-DEUS-2020-800-724x1024.jpg\" alt=\"\" class=\"wp-image-7782\" srcset=\"http:\/\/apostolowiemilosci.pl\/wp-content\/uploads\/2022\/03\/Rachunek-DEUS-2020-800-724x1024.jpg 724w, http:\/\/apostolowiemilosci.pl\/wp-content\/uploads\/2022\/03\/Rachunek-DEUS-2020-800-600x848.jpg 600w, http:\/\/apostolowiemilosci.pl\/wp-content\/uploads\/2022\/03\/Rachunek-DEUS-2020-800-212x300.jpg 212w, http:\/\/apostolowiemilosci.pl\/wp-content\/uploads\/2022\/03\/Rachunek-DEUS-2020-800-768x1086.jpg 768w, http:\/\/apostolowiemilosci.pl\/wp-content\/uploads\/2022\/03\/Rachunek-DEUS-2020-800-764x1080.jpg 764w, http:\/\/apostolowiemilosci.pl\/wp-content\/uploads\/2022\/03\/Rachunek-DEUS-2020-800.jpg 800w\" sizes=\"(max-width: 724px) 100vw, 724px\" \/><\/figure>\n\n\n\n<figure class=\"wp-block-image size-large\"><img loading=\"lazy\" decoding=\"async\" width=\"725\" height=\"1024\" data-id=\"7783\" src=\"http:\/\/apostolowiemilosci.pl\/wp-content\/uploads\/2022\/03\/Bilans-DEUS-2020-800-725x1024.jpg\" alt=\"\" class=\"wp-image-7783\" srcset=\"http:\/\/apostolowiemilosci.pl\/wp-content\/uploads\/2022\/03\/Bilans-DEUS-2020-800-725x1024.jpg 725w, http:\/\/apostolowiemilosci.pl\/wp-content\/uploads\/2022\/03\/Bilans-DEUS-2020-800-600x848.jpg 600w, http:\/\/apostolowiemilosci.pl\/wp-content\/uploads\/2022\/03\/Bilans-DEUS-2020-800-212x300.jpg 212w, http:\/\/apostolowiemilosci.pl\/wp-content\/uploads\/2022\/03\/Bilans-DEUS-2020-800-768x1085.jpg 768w, http:\/\/apostolowiemilosci.pl\/wp-content\/uploads\/2022\/03\/Bilans-DEUS-2020-800-765x1080.jpg 765w, http:\/\/apostolowiemilosci.pl\/wp-content\/uploads\/2022\/03\/Bilans-DEUS-2020-800.jpg 800w\" sizes=\"(max-width: 725px) 100vw, 725px\" \/><\/figure>\n<\/figure>\n\n\n\n<h2 class=\"wp-block-heading has-text-align-center\">Sprawozdanie finansowe za rok 2019 <\/h2>\n\n\n\n<h3 class=\"wp-block-heading has-text-align-center\">I rok dzia\u0142alno\u015bci od 04.10.2019 do 31.12.2019<\/h3>\n\n\n\n<figure class=\"wp-block-gallery has-nested-images columns-default is-cropped wp-block-gallery-4 is-layout-flex wp-block-gallery-is-layout-flex\">\n<figure class=\"wp-block-image size-large\"><img loading=\"lazy\" decoding=\"async\" width=\"727\" height=\"1024\" data-id=\"7781\" src=\"http:\/\/apostolowiemilosci.pl\/wp-content\/uploads\/2022\/03\/Rachunek-DEUS2019-800-727x1024.jpg\" alt=\"\" class=\"wp-image-7781\" srcset=\"http:\/\/apostolowiemilosci.pl\/wp-content\/uploads\/2022\/03\/Rachunek-DEUS2019-800-727x1024.jpg 727w, http:\/\/apostolowiemilosci.pl\/wp-content\/uploads\/2022\/03\/Rachunek-DEUS2019-800-600x845.jpg 600w, http:\/\/apostolowiemilosci.pl\/wp-content\/uploads\/2022\/03\/Rachunek-DEUS2019-800-213x300.jpg 213w, http:\/\/apostolowiemilosci.pl\/wp-content\/uploads\/2022\/03\/Rachunek-DEUS2019-800-768x1082.jpg 768w, http:\/\/apostolowiemilosci.pl\/wp-content\/uploads\/2022\/03\/Rachunek-DEUS2019-800-767x1080.jpg 767w, http:\/\/apostolowiemilosci.pl\/wp-content\/uploads\/2022\/03\/Rachunek-DEUS2019-800.jpg 800w\" sizes=\"(max-width: 727px) 100vw, 727px\" \/><\/figure>\n\n\n\n<figure class=\"wp-block-image size-large\"><img loading=\"lazy\" decoding=\"async\" width=\"725\" height=\"1024\" data-id=\"7780\" src=\"http:\/\/apostolowiemilosci.pl\/wp-content\/uploads\/2022\/03\/Bilans-DEUS-2019-800-725x1024.jpg\" alt=\"\" class=\"wp-image-7780\" srcset=\"http:\/\/apostolowiemilosci.pl\/wp-content\/uploads\/2022\/03\/Bilans-DEUS-2019-800-725x1024.jpg 725w, http:\/\/apostolowiemilosci.pl\/wp-content\/uploads\/2022\/03\/Bilans-DEUS-2019-800-600x848.jpg 600w, http:\/\/apostolowiemilosci.pl\/wp-content\/uploads\/2022\/03\/Bilans-DEUS-2019-800-212x300.jpg 212w, http:\/\/apostolowiemilosci.pl\/wp-content\/uploads\/2022\/03\/Bilans-DEUS-2019-800-768x1085.jpg 768w, http:\/\/apostolowiemilosci.pl\/wp-content\/uploads\/2022\/03\/Bilans-DEUS-2019-800-765x1080.jpg 765w, http:\/\/apostolowiemilosci.pl\/wp-content\/uploads\/2022\/03\/Bilans-DEUS-2019-800.jpg 800w\" sizes=\"(max-width: 725px) 100vw, 725px\" \/><\/figure>\n<\/figure>\n","protected":false},"excerpt":{"rendered":"<p>Fundacja Dzie\u0142o Ewangelizacji Ubogich i Strapionych zosta\u0142a powo\u0142ana aktem notarialnym dnia 10 czerwca 2019 w Uroczysto\u015b\u0107 Naj\u015bwi\u0119tszej Maryi Panny Matki Ko\u015bcio\u0142a. Dnia 4 pa\u017adziernika 2019 Fundacja postanowieniem S\u0105du Rejonowego zosta\u0142a wpisana do Krajowego Rejestru S\u0105dowego \/ KRS0000806420 \/ w dniu \u015bw. Franciszka z Asy\u017cu ku naszej rado\u015bci, Fundacja nie&nbsp; zatrudnia pracownik\u00f3w, ani nie ponosi\u0142a \u017cadnych&hellip; <br \/> <a class=\"read-more\" href=\"http:\/\/apostolowiemilosci.pl\/?page_id=7772\">Dowiedz si\u0119 wi\u0119cej<\/a><\/p>\n","protected":false},"author":1,"featured_media":0,"parent":0,"menu_order":0,"comment_status":"closed","ping_status":"closed","template":"","meta":{"h5ap_radio_sources":[],"footnotes":""},"class_list":["post-7772","page","type-page","status-publish","hentry"],"_links":{"self":[{"href":"http:\/\/apostolowiemilosci.pl\/index.php?rest_route=\/wp\/v2\/pages\/7772","targetHints":{"allow":["GET"]}}],"collection":[{"href":"http:\/\/apostolowiemilosci.pl\/index.php?rest_route=\/wp\/v2\/pages"}],"about":[{"href":"http:\/\/apostolowiemilosci.pl\/index.php?rest_route=\/wp\/v2\/types\/page"}],"author":[{"embeddable":true,"href":"http:\/\/apostolowiemilosci.pl\/index.php?rest_route=\/wp\/v2\/users\/1"}],"replies":[{"embeddable":true,"href":"http:\/\/apostolowiemilosci.pl\/index.php?rest_route=%2Fwp%2Fv2%2Fcomments&post=7772"}],"version-history":[{"count":6,"href":"http:\/\/apostolowiemilosci.pl\/index.php?rest_route=\/wp\/v2\/pages\/7772\/revisions"}],"predecessor-version":[{"id":13711,"href":"http:\/\/apostolowiemilosci.pl\/index.php?rest_route=\/wp\/v2\/pages\/7772\/revisions\/13711"}],"wp:attachment":[{"href":"http:\/\/apostolowiemilosci.pl\/index.php?rest_route=%2Fwp%2Fv2%2Fmedia&parent=7772"}],"curies":[{"name":"wp","href":"https:\/\/api.w.org\/{rel}","templated":true}]}}