{"id":5044,"date":"2021-10-01T17:05:48","date_gmt":"2021-10-01T15:05:48","guid":{"rendered":"http:\/\/apostolowiemilosci.pl\/?page_id=5044"},"modified":"2024-09-10T12:32:29","modified_gmt":"2024-09-10T10:32:29","slug":"cele-fundacji","status":"publish","type":"page","link":"http:\/\/apostolowiemilosci.pl\/?page_id=5044","title":{"rendered":"Cele Fundacji"},"content":{"rendered":"\n<h4 class=\"wp-block-heading\">Fundacja Dzie\u0142o Ewangelizacji Ubogich i Strapionych zosta\u0142a powo\u0142ana aktem notarialnym dnia 10 czerwca 2019 w Uroczysto\u015b\u0107 Naj\u015bwi\u0119tszej Maryi Panny Matki Ko\u015bcio\u0142a. Dnia 4 pa\u017adziernika 2019 Fundacja postanowieniem S\u0105du Rejonowego wpisana do Krajowego Rejestru S\u0105dowego \/ KRS0000806420 \/ w dniu \u015bw. Franciszka z Asy\u017cu ku naszej rado\u015bci,<\/h4>\n\n\n\n<h4 class=\"wp-block-heading\">Wdzi\u0119czni b\u0119dziemy za wszelkie wsparcie z Waszej strony, aby ewangelizowa\u0107 i pomaga\u0107 materialnie osoby do kt\u00f3rych B\u00f3g nas posy\u0142a. Fundacja nie zatrudnia \u017cadnych os\u00f3b ani podwykonawc\u00f3w, nie posiada \u017cadnych koszt\u00f3w sta\u0142ych administracyjnych. Wszystkie wp\u0142acane \u015brodki finansowe przeznaczane s\u0105 zgodnie ze Statutem Fundacji. Najcz\u0119\u015bciej s\u0105 to \u015brodki pieni\u0119\u017cne przeznaczone s\u0105 na na zakup Pisma \u015awi\u0119te, do\u0142adowanie telefon\u00f3w dla naszych podopiecznych, \u015brodki komunikacji- paliwo, bilety PKP, wy\u017cywienie bezdomnych, odwiedziny strapionych, dojazd na rekolekcje, odwiedziny na terapiach os\u00f3b uzale\u017cnionych, spotkania ewangelizacyjne.<\/h4>\n\n\n\n<h2 class=\"wp-block-heading\">Fundacja Dzie\u0142o Ewangelizacji Ubogich i Strapionych<\/h2>\n\n\n\n<h3 class=\"wp-block-heading\">Konto Bankowe 03 1140 2004 0000 3602 7927 0193<\/h3>\n\n\n\n<h4 class=\"wp-block-heading\">NIP 9562355167 \/ &nbsp;Regon 384542686 \/ KRS 0000806420<\/h4>\n\n\n\n<h3 class=\"wp-block-heading\">e-mail apostolowiemilosci@gmail.com<\/h3>\n\n\n\n<p><\/p>\n\n\n\n<h1 class=\"wp-block-heading\"><strong>ROZDZIA\u0141 II. CELE I ZASADY DZIA\u0141ANIA FUNDACJI<\/strong><\/h1>\n\n\n\n<p><strong>\u00a76<\/strong><\/p>\n\n\n\n<p><strong>Cele Statutowe Fundacji<\/strong><\/p>\n\n\n\n<p><strong>1. Celem Fundacji jest g\u0142oszenie Boga \u017bywego wszystkim tym, kt\u00f3rzy Go nie poznali lub oddalili si\u0119 od Niego zgodnie z preambu\u0142\u0105 Statutu poprzez ewangelizacj\u0119 i dobroczynno\u015b\u0107 na rzecz os\u00f3b ubogich i strapionych, bezdomnych, uzale\u017cnionych, zagro\u017conych, opuszczonych, zagubionych, chorych, wi\u0119\u017ani\u00f3w w oparciu o nauk\u0119 Ko\u015bcio\u0142a Katolickiego w Polsce i za granic\u0105.<\/strong><\/p>\n\n\n\n<p><strong>\u00a77<\/strong><strong><\/strong><\/p>\n\n\n\n<p><strong>2. Fundacja realizuje swoje cele dla os\u00f3b ubogich i opuszczonych poprzez&nbsp; m.in.:<\/strong><\/p>\n\n\n\n<p>1. pomoc spo\u0142eczn\u0105, w tym pomocy rodzinom i osobom w trudnej sytuacji \u017cyciowej oraz wyr\u00f3wnywania szans tych rodzin i os\u00f3b;<br>2. dzia\u0142alno\u015bci na rzecz integracji i reintegracji zawodowej i spo\u0142ecznej os\u00f3b zagro\u017conych wykluczeniem spo\u0142ecznym;<br>3. dzia\u0142alno\u015b\u0107 charytatywn\u0105;<\/p>\n\n\n\n<p>4. pomocy osobom poszkodowanym w wypadkach komunikacyjnych,<br>5. dzia\u0142alno\u015b\u0107 na rzecz os\u00f3b niepe\u0142nosprawnych;<br>6. promocj\u0119 zatrudnienia i aktywizacji zawodowej os\u00f3b pozostaj\u0105cych bez pracy i zagro\u017conych zwolnieniem z pracy<\/p>\n\n\n\n<p>7. dzia\u0142alno\u015b\u0107 na rzecz os\u00f3b w wieku emerytalnym;<br>8. dzia\u0142alno\u015b\u0107 wspomagaj\u0105c\u0105 rozw\u00f3j gospodarczy, w tym rozw\u00f3j przedsi\u0119biorczo\u015bci;<br>9. dzia\u0142alno\u015b\u0107 wspomagaj\u0105c\u0105 rozw\u00f3j wsp\u00f3lnot i spo\u0142eczno\u015bci lokalnych;<br>10. nauki, szkolnictwa wy\u017cszego, edukacji, o\u015bwiaty i wychowania;<br>11. dzia\u0142alno\u015b\u0107 na rzecz dzieci i m\u0142odzie\u017cy, w tym wypoczynku dzieci i m\u0142odzie\u017cy;<br>12. wspierania i upowszechniania kultury fizycznej i sportu;<\/p>\n\n\n\n<p>13. turystyki i krajoznawstwa;<\/p>\n\n\n\n<p>14. promocji i organizacji wolontariatu;<br>15. dzia\u0142alno\u015b\u0107 na rzecz rodziny, macierzy\u0144stwa, rodzicielstwa, upowszechniania i ochrony praw&nbsp;dziecka;<br>16. przeciwdzia\u0142anie uzale\u017cnieniom i patologiom spo\u0142ecznym;<\/p>\n\n\n\n<p><strong>\u00a78<\/strong><\/p>\n\n\n\n<p><strong>Formy realizacji cel\u00f3w statutowych Fundacji<\/strong><\/p>\n\n\n\n<p><strong>1.&nbsp;Fundacja realizuje swoje cele na rzecz os\u00f3b ubogich i opuszczonych w szczeg\u00f3lno\u015bci poprzez:<\/strong><\/p>\n\n\n\n<p>1.1. Dzia\u0142anie na rzecz Nowej Ewangelizacji w oparciu nauk\u0119 Ko\u015bcio\u0142a Katolickiego <strong>na rzecz os\u00f3b ubogich i strapionych, bezdomnych, uzale\u017cnionych, zagro\u017conych, opuszczonych, zagubionych, chorych, wi\u0119\u017ani\u00f3w w oparciu o nauk\u0119 Ko\u015bcio\u0142a Katolickiego w Polsce i za granic\u0105.<\/strong><\/p>\n\n\n\n<p>1.2. <strong>Organizowanie spotka\u0144 ewangelizacyjnyc<\/strong>h, rekolekcji w \u015brodowiskach, kt\u00f3re nie pozna\u0142y Boga \u017bywego, w\u015br\u00f3d ubogich i strapionych, biednych i bogatych, w miejscach pracy, w wi\u0119zieniach i na ulicy.<\/p>\n\n\n\n<p>1.3. <strong>Organizowanie i prowadzenie Dom\u00f3w Ewangelizacji na zasadach rodzinnych i wsp\u00f3lnotowych<\/strong>, w kt\u00f3rych beneficjenci ubodzy i strapieni ( w tym osoby zagro\u017cone wykluczeniem spo\u0142ecznym, bezdomni, chorzy, poszkodowani, skazani, samotne matki, niepe\u0142nosprawni, alkoholicy, narkomanii, zagubieni) zostan\u0105 obj\u0119ci d\u0142ugotrwa\u0142\u0105 i kompleksow\u0105 opiek\u0105 oraz fachowym wsparciem w oparciu o nauk\u0119 Ko\u015bcio\u0142a Katolickiego.<\/p>\n\n\n\n<p>1.4<strong>. <\/strong>Streetworking czyli wychodzenie na ulic\u0119 do os\u00f3b wykluczonych, zagro\u017conych, zagubionych oraz praca z nimi poza instytucjami czyli w \u015brodowisku ulicznym.<\/p>\n\n\n\n<p>1.5. Wydawanie ksi\u0105\u017cek, czasopism, broszur, p\u0142yt i wydawnictw specjalnych o charakterze ewangelizacyjno \u2013 motywacyjnym,<\/p>\n\n\n\n<p>1.6. Pomoc finansow\u0105 i rzeczow\u0105 dla os\u00f3b wymienionych w punkcie &nbsp;1,1.<\/p>\n\n\n\n<p>1.7. Prowadzenie kurs\u00f3w, warsztat\u00f3w, program\u00f3w szkoleniowych i terapeutycznych dla os\u00f3b wymienionych w punkcie&nbsp; 1,1,<\/p>\n\n\n\n<p>1.8. Organizowanie zbi\u00f3rek pieni\u0119\u017cnych i rzeczowych ( u\u017cywanych i nowych) z kt\u00f3rych doch\u00f3d b\u0119dzie przeznaczony na realizacj\u0119 cel\u00f3w statutowych Fundacji,<\/p>\n\n\n\n<p>1.9. Realizacj\u0119 projekt\u00f3w maj\u0105cych na celu szerzenie warto\u015bci chrze\u015bcija\u0144skich oraz niesienie pomocy ludziom dotkni\u0119tym wykluczeniem spo\u0142ecznym,<\/p>\n\n\n\n<p>1.10. &nbsp;Organizowanie i dofinansowanie wyjazd\u00f3w, pielgrzymek i rekolekcji dla os\u00f3b b\u0119d\u0105cych w potrzebie wymienionych w punkcie&nbsp; 1,1,<\/p>\n\n\n\n<p>1.11. Organizowanie i finansowanie pomocy stypendialnej dla dzieci i m\u0142odzie\u017cy z rodzin najbiedniejszych i wykluczonych spo\u0142ecznie,<\/p>\n\n\n\n<p>1.12. Organizowanie i finansowanie pomocy stypendialnej dla doros\u0142ych na zdobycie przez nich wykszta\u0142cenia i dokszta\u0142cenia w celu wyrwania ich z wykluczenia, zagubienia, strapienia,<\/p>\n\n\n\n<p>1.13. Organizowanie wypoczynku dla doros\u0142ych, dzieci i m\u0142odzie\u017cy ze \u015brodowisk w potrzebie materialnej i duchowej,<\/p>\n\n\n\n<p>1.14. Przekazywanie lub finansowanie \u015brodk\u00f3w domowego u\u017cytku dla potrzeb \u017cyciowych os\u00f3b i ich rodzin, aby umo\u017cliwi\u0107 \u017cycie w godnych warunkach,<\/p>\n\n\n\n<p>1.15.Wsp\u00f3\u0142organizowanie i finansowanie plac\u00f3wek o\u015bwiatowych i opieku\u0144czych,<\/p>\n\n\n\n<p>1.16. Wsp\u00f3\u0142prac\u0119 i wsp\u00f3\u0142dzia\u0142anie z ko\u015bcielnymi osobami prawnymi Ko\u015bcio\u0142a Katolickiego, organami administracji rz\u0105dowej, jednostkami samorz\u0105du terytorialnego oraz krajowymi i zagranicznymi osobami, instytucjami i organizacjami prowadz\u0105cymi dzia\u0142alno\u015b\u0107 zbie\u017cn\u0105 z celem statutowym Fundacji.<\/p>\n\n\n\n<p>1.17. Po\u015brednictwo w znalezieniu pracy i zaj\u0119\u0107 zawodowych dla os\u00f3b aktywizowanych<\/p>\n\n\n\n<p>1.18. Dzia\u0142alno\u015b\u0107 misyjna;<\/p>\n\n\n\n<p>1.19. Udzielanie materialnego wsparcia kap\u0142anom z Polski i z zagranicy, w tym na pokrycie wydatk\u00f3w zwi\u0105zanych z zapewnieniem odpowiednich warunk\u00f3w do sprawowania kultu religijnego w ramach ich dzia\u0142a\u0144 na rzecz Fundacji,<\/p>\n\n\n\n<p>2. Cele, kt\u00f3rych realizacja wymaga uzyskania niezb\u0119dnych zezwole\u0144 lub koncesji, b\u0119d\u0105 realizowane dopiero po ich uzyskaniu,<\/p>\n\n\n\n<p>3. Okre\u015blone wy\u017cej cele Fundacji, jak r\u00f3wnie\u017c sposoby ich realizacji, mog\u0105 by\u0107 zmienione poprzez zmian\u0119 niniejszego statutu.<\/p>\n\n\n\n<p>4. W celu realizacji zada\u0144 statutowych Fundacja podejmuje ka\u017cd\u0105 inn\u0105 form\u0119 dzia\u0142ania dopuszczon\u0105 przez przepisy prawa i s\u0142u\u017c\u0105c\u0105 realizacji cel\u00f3w statutowych Fundacji.<\/p>\n","protected":false},"excerpt":{"rendered":"<p>Fundacja Dzie\u0142o Ewangelizacji Ubogich i Strapionych zosta\u0142a powo\u0142ana aktem notarialnym dnia 10 czerwca 2019 w Uroczysto\u015b\u0107 Naj\u015bwi\u0119tszej Maryi Panny Matki Ko\u015bcio\u0142a. Dnia 4 pa\u017adziernika 2019 Fundacja postanowieniem S\u0105du Rejonowego wpisana do Krajowego Rejestru S\u0105dowego \/ KRS0000806420 \/ w dniu \u015bw. Franciszka z Asy\u017cu ku naszej rado\u015bci, Wdzi\u0119czni b\u0119dziemy za wszelkie wsparcie z Waszej strony, aby&hellip; <br \/> <a class=\"read-more\" href=\"http:\/\/apostolowiemilosci.pl\/?page_id=5044\">Dowiedz si\u0119 wi\u0119cej<\/a><\/p>\n","protected":false},"author":1,"featured_media":0,"parent":0,"menu_order":0,"comment_status":"closed","ping_status":"closed","template":"","meta":{"h5ap_radio_sources":[],"footnotes":""},"class_list":["post-5044","page","type-page","status-publish","hentry"],"_links":{"self":[{"href":"http:\/\/apostolowiemilosci.pl\/index.php?rest_route=\/wp\/v2\/pages\/5044","targetHints":{"allow":["GET"]}}],"collection":[{"href":"http:\/\/apostolowiemilosci.pl\/index.php?rest_route=\/wp\/v2\/pages"}],"about":[{"href":"http:\/\/apostolowiemilosci.pl\/index.php?rest_route=\/wp\/v2\/types\/page"}],"author":[{"embeddable":true,"href":"http:\/\/apostolowiemilosci.pl\/index.php?rest_route=\/wp\/v2\/users\/1"}],"replies":[{"embeddable":true,"href":"http:\/\/apostolowiemilosci.pl\/index.php?rest_route=%2Fwp%2Fv2%2Fcomments&post=5044"}],"version-history":[{"count":5,"href":"http:\/\/apostolowiemilosci.pl\/index.php?rest_route=\/wp\/v2\/pages\/5044\/revisions"}],"predecessor-version":[{"id":13700,"href":"http:\/\/apostolowiemilosci.pl\/index.php?rest_route=\/wp\/v2\/pages\/5044\/revisions\/13700"}],"wp:attachment":[{"href":"http:\/\/apostolowiemilosci.pl\/index.php?rest_route=%2Fwp%2Fv2%2Fmedia&parent=5044"}],"curies":[{"name":"wp","href":"https:\/\/api.w.org\/{rel}","templated":true}]}}