{"id":4943,"date":"2021-10-01T12:19:31","date_gmt":"2021-10-01T10:19:31","guid":{"rendered":"http:\/\/apostolowiemilosci.pl\/?page_id=4943"},"modified":"2023-04-04T17:16:46","modified_gmt":"2023-04-04T15:16:46","slug":"media","status":"publish","type":"page","link":"http:\/\/apostolowiemilosci.pl\/?page_id=4943","title":{"rendered":"Media o Dziele"},"content":{"rendered":"\n<h2 class=\"wp-block-heading\">03.04.2023 ISKRA BO\u017bEGO MI\u0141OSIERDZIA<\/h2>\n\n\n<div class=\"wp-block-image\">\n<figure class=\"aligncenter size-full is-resized\"><img fetchpriority=\"high\" decoding=\"async\" src=\"http:\/\/apostolowiemilosci.pl\/wp-content\/uploads\/2023\/04\/IskraMilosierdzia.jpg\" alt=\"\" class=\"wp-image-11126\" width=\"496\" height=\"104\"\/><\/figure>\n<\/div>\n\n\n<h4 class=\"wp-block-heading\">Na stronie \u201e<a rel=\"noreferrer noopener\" href=\"https:\/\/iskra.jezuici.pl\/\" target=\"_blank\">Iskry Bo\u017cego Mi\u0142osierdzia<\/a>\u201d pojawi\u0142o nasze \u015bwiadectwo w dniu 28.09.2022, w dniu Koronki do Bo\u017cego Mi\u0142osierdzia na ulicach miast \u015bwiata, kt\u00f3ry to jednocze\u015bnie dzie\u0144 jest dniem powstania z Ducha \u015awi\u0119tego- Dzie\u0142a Ewangelizacji Ubogich i Strapionych, dok\u0142adnie 28.09.2017 &#8211; <a href=\"http:\/\/apostolowiemilosci.pl\/?p=11117\" target=\"_blank\" rel=\"noreferrer noopener\">WI\u0118CEJ<\/a><\/h4>\n\n\n\n<h2 class=\"wp-block-heading\">01.04.2023 Miesi\u0119cznik &#8222;Katolicki G\u0142os z Bi\u0142ogoraja&#8221; <\/h2>\n\n\n<div class=\"wp-block-image\">\n<figure class=\"aligncenter size-full is-resized\"><img decoding=\"async\" src=\"http:\/\/apostolowiemilosci.pl\/wp-content\/uploads\/2023\/04\/Katolicki-Glos-logo-300.jpg\" alt=\"\" class=\"wp-image-11106\" width=\"486\" height=\"141\"\/><\/figure>\n<\/div>\n\n\n<h4 class=\"wp-block-heading\">W miesi\u0119czniku Katolicki G\u0142os z Bi\u0142oraja \/ ISSN 2449-609X \/ kwiecie\u0144 97-2023 ukaza\u0142 si\u0119 artyku\u0142 o Dziele Ewangelizacji Ubogich i Strapionych \u201d Idziemy- Szukamy- Dzielimy si\u0119 Bo\u017c\u0105 Mi\u0142o\u015bci\u0105\u201d &#8211; <a href=\"http:\/\/apostolowiemilosci.pl\/?p=11096\" target=\"_blank\" rel=\"noreferrer noopener\">LINK<\/a><\/h4>\n\n\n\n<h2 class=\"wp-block-heading\">15.07.2021 Radio Diecezji Tarnowskiej RDN Ma\u0142opolska<\/h2>\n\n\n<div class=\"wp-block-image\">\n<figure class=\"aligncenter size-full is-resized\"><img decoding=\"async\" src=\"http:\/\/apostolowiemilosci.pl\/wp-content\/uploads\/2021\/08\/1024px-Logo_of_RDN_Malopolska_Polish_radio_station.svg_.png\" alt=\"\" class=\"wp-image-4325\" width=\"250\" height=\"139\" srcset=\"http:\/\/apostolowiemilosci.pl\/wp-content\/uploads\/2021\/08\/1024px-Logo_of_RDN_Malopolska_Polish_radio_station.svg_.png 1024w, http:\/\/apostolowiemilosci.pl\/wp-content\/uploads\/2021\/08\/1024px-Logo_of_RDN_Malopolska_Polish_radio_station.svg_-600x337.png 600w, http:\/\/apostolowiemilosci.pl\/wp-content\/uploads\/2021\/08\/1024px-Logo_of_RDN_Malopolska_Polish_radio_station.svg_-300x168.png 300w, http:\/\/apostolowiemilosci.pl\/wp-content\/uploads\/2021\/08\/1024px-Logo_of_RDN_Malopolska_Polish_radio_station.svg_-768x431.png 768w\" sizes=\"(max-width: 250px) 100vw, 250px\" \/><\/figure>\n<\/div>\n\n\n<h4 class=\"wp-block-heading\"> Po zerwaniu z na\u0142ogiem wyrusza na pielgrzymk\u0119 \u2013 <a href=\"https:\/\/www.rdn.pl\/religia\/po-zerwaniu-z-nalogiem-wyrusza-na-pielgrzymke-moze-zabrac-takze-twoja-intencje\" target=\"_blank\" rel=\"noreferrer noopener\">mo\u017ce zabra\u0107 tak\u017ce Twoj\u0105 intencj\u0119 &#8211; wi\u0119cej<\/a><\/h4>\n\n\n\n<h2 class=\"wp-block-heading\">30.03.2021 TVP1 Ocaleni<\/h2>\n\n\n<div class=\"wp-block-image\">\n<figure class=\"aligncenter size-large is-resized\"><img loading=\"lazy\" decoding=\"async\" src=\"http:\/\/apostolowiemilosci.pl\/wp-content\/uploads\/2021\/03\/43729487_596180960799208_5898556927247384576_o-1024x350.jpg\" alt=\"\" class=\"wp-image-4116\" width=\"383\" height=\"131\" srcset=\"http:\/\/apostolowiemilosci.pl\/wp-content\/uploads\/2021\/03\/43729487_596180960799208_5898556927247384576_o-1024x350.jpg 1024w, http:\/\/apostolowiemilosci.pl\/wp-content\/uploads\/2021\/03\/43729487_596180960799208_5898556927247384576_o-600x205.jpg 600w, http:\/\/apostolowiemilosci.pl\/wp-content\/uploads\/2021\/03\/43729487_596180960799208_5898556927247384576_o-300x102.jpg 300w, http:\/\/apostolowiemilosci.pl\/wp-content\/uploads\/2021\/03\/43729487_596180960799208_5898556927247384576_o-768x262.jpg 768w, http:\/\/apostolowiemilosci.pl\/wp-content\/uploads\/2021\/03\/43729487_596180960799208_5898556927247384576_o-1536x525.jpg 1536w, http:\/\/apostolowiemilosci.pl\/wp-content\/uploads\/2021\/03\/43729487_596180960799208_5898556927247384576_o.jpg 1874w\" sizes=\"(max-width: 383px) 100vw, 383px\" \/><\/figure>\n<\/div>\n\n\n<h4 class=\"wp-block-heading\"><a href=\"https:\/\/vod.tvp.pl\/video\/ocaleni,30032021,52704968\" target=\"_blank\" rel=\"noreferrer noopener\">od 15:28 min &#8211; link <\/a><\/h4>\n\n\n\n<h2 class=\"wp-block-heading\">07.02.2021 Tygodnik Niedziela Ma\u0142opolska<\/h2>\n\n\n<div class=\"wp-block-image\">\n<figure class=\"aligncenter size-full\"><img loading=\"lazy\" decoding=\"async\" width=\"369\" height=\"136\" src=\"http:\/\/apostolowiemilosci.pl\/wp-content\/uploads\/2021\/08\/niedzielamalipolska.png\" alt=\"\" class=\"wp-image-4297\" srcset=\"http:\/\/apostolowiemilosci.pl\/wp-content\/uploads\/2021\/08\/niedzielamalipolska.png 369w, http:\/\/apostolowiemilosci.pl\/wp-content\/uploads\/2021\/08\/niedzielamalipolska-300x111.png 300w\" sizes=\"(max-width: 369px) 100vw, 369px\" \/><\/figure>\n<\/div>\n\n\n<h4 class=\"wp-block-heading\">Nr 6\/2021 <a href=\"https:\/\/www.niedziela.pl\/artykul\/152108\/nd\/Ratunek-dla-strapionych\" target=\"_blank\" rel=\"noreferrer noopener\">Ratunek dla strapionego &#8211; link<\/a><\/h4>\n\n\n\n<h2 class=\"wp-block-heading\">01.02.2021 Radio Diecezji Rzeszowskiej Radio Via<\/h2>\n\n\n<div class=\"wp-block-image\">\n<figure class=\"aligncenter size-large is-resized\"><img loading=\"lazy\" decoding=\"async\" src=\"http:\/\/apostolowiemilosci.pl\/wp-content\/uploads\/2021\/08\/logo-radio-via-full-1024x612.png\" alt=\"\" class=\"wp-image-4318\" width=\"374\" height=\"224\" srcset=\"http:\/\/apostolowiemilosci.pl\/wp-content\/uploads\/2021\/08\/logo-radio-via-full-1024x612.png 1024w, http:\/\/apostolowiemilosci.pl\/wp-content\/uploads\/2021\/08\/logo-radio-via-full-600x359.png 600w, http:\/\/apostolowiemilosci.pl\/wp-content\/uploads\/2021\/08\/logo-radio-via-full-300x179.png 300w, http:\/\/apostolowiemilosci.pl\/wp-content\/uploads\/2021\/08\/logo-radio-via-full-768x459.png 768w, http:\/\/apostolowiemilosci.pl\/wp-content\/uploads\/2021\/08\/logo-radio-via-full-1536x918.png 1536w, http:\/\/apostolowiemilosci.pl\/wp-content\/uploads\/2021\/08\/logo-radio-via-full.png 2023w\" sizes=\"(max-width: 374px) 100vw, 374px\" \/><\/figure>\n<\/div>\n\n\n<h4 class=\"wp-block-heading\">audycja <a href=\"https:\/\/radiovia.com.pl\/program\/posluchaj-jeszcze-raz\/zakochani-w-panu\" target=\"_blank\" rel=\"noreferrer noopener\">Zakochani w Panu odc. 6<\/a><a href=\"https:\/\/radiovia.com.pl\/program\/posluchaj-jeszcze-raz\/zakochani-w-panu\"> &#8211; link<\/a><\/h4>\n\n\n\n<h2 class=\"wp-block-heading\">15.09.2019 &nbsp;TVP 1 Szczecin program <a rel=\"noreferrer noopener\" href=\"https:\/\/youtu.be\/f82hLOZPc8c\" target=\"_blank\">Barka<\/a><\/h2>\n\n\n<div class=\"wp-block-image\">\n<figure class=\"aligncenter size-full is-resized\"><img loading=\"lazy\" decoding=\"async\" src=\"http:\/\/apostolowiemilosci.pl\/wp-content\/uploads\/2021\/03\/792f1c922f327db670b50a7cc3f5187e.jpg\" alt=\"\" class=\"wp-image-4120\" width=\"395\" height=\"222\" srcset=\"http:\/\/apostolowiemilosci.pl\/wp-content\/uploads\/2021\/03\/792f1c922f327db670b50a7cc3f5187e.jpg 900w, http:\/\/apostolowiemilosci.pl\/wp-content\/uploads\/2021\/03\/792f1c922f327db670b50a7cc3f5187e-600x337.jpg 600w, http:\/\/apostolowiemilosci.pl\/wp-content\/uploads\/2021\/03\/792f1c922f327db670b50a7cc3f5187e-300x169.jpg 300w, http:\/\/apostolowiemilosci.pl\/wp-content\/uploads\/2021\/03\/792f1c922f327db670b50a7cc3f5187e-768x432.jpg 768w\" sizes=\"(max-width: 395px) 100vw, 395px\" \/><\/figure>\n<\/div>","protected":false},"excerpt":{"rendered":"<p>03.04.2023 ISKRA BO\u017bEGO MI\u0141OSIERDZIA Na stronie \u201eIskry Bo\u017cego Mi\u0142osierdzia\u201d pojawi\u0142o nasze \u015bwiadectwo w dniu 28.09.2022, w dniu Koronki do Bo\u017cego Mi\u0142osierdzia na ulicach miast \u015bwiata, kt\u00f3ry to jednocze\u015bnie dzie\u0144 jest dniem powstania z Ducha \u015awi\u0119tego- Dzie\u0142a Ewangelizacji Ubogich i Strapionych, dok\u0142adnie 28.09.2017 &#8211; WI\u0118CEJ 01.04.2023 Miesi\u0119cznik &#8222;Katolicki G\u0142os z Bi\u0142ogoraja&#8221; W miesi\u0119czniku Katolicki G\u0142os z&hellip; <br \/> <a class=\"read-more\" href=\"http:\/\/apostolowiemilosci.pl\/?page_id=4943\">Dowiedz si\u0119 wi\u0119cej<\/a><\/p>\n","protected":false},"author":1,"featured_media":0,"parent":0,"menu_order":0,"comment_status":"closed","ping_status":"closed","template":"","meta":{"h5ap_radio_sources":[],"footnotes":""},"class_list":["post-4943","page","type-page","status-publish","hentry"],"_links":{"self":[{"href":"http:\/\/apostolowiemilosci.pl\/index.php?rest_route=\/wp\/v2\/pages\/4943","targetHints":{"allow":["GET"]}}],"collection":[{"href":"http:\/\/apostolowiemilosci.pl\/index.php?rest_route=\/wp\/v2\/pages"}],"about":[{"href":"http:\/\/apostolowiemilosci.pl\/index.php?rest_route=\/wp\/v2\/types\/page"}],"author":[{"embeddable":true,"href":"http:\/\/apostolowiemilosci.pl\/index.php?rest_route=\/wp\/v2\/users\/1"}],"replies":[{"embeddable":true,"href":"http:\/\/apostolowiemilosci.pl\/index.php?rest_route=%2Fwp%2Fv2%2Fcomments&post=4943"}],"version-history":[{"count":7,"href":"http:\/\/apostolowiemilosci.pl\/index.php?rest_route=\/wp\/v2\/pages\/4943\/revisions"}],"predecessor-version":[{"id":11129,"href":"http:\/\/apostolowiemilosci.pl\/index.php?rest_route=\/wp\/v2\/pages\/4943\/revisions\/11129"}],"wp:attachment":[{"href":"http:\/\/apostolowiemilosci.pl\/index.php?rest_route=%2Fwp%2Fv2%2Fmedia&parent=4943"}],"curies":[{"name":"wp","href":"https:\/\/api.w.org\/{rel}","templated":true}]}}